{"id":515,"date":"2025-03-21T10:36:13","date_gmt":"2025-03-21T09:36:13","guid":{"rendered":"https:\/\/wallbach-baden.de\/v2\/?page_id=515"},"modified":"2025-03-21T10:36:13","modified_gmt":"2025-03-21T09:36:13","slug":"wallbach-kurzchronik","status":"publish","type":"page","link":"https:\/\/wallbach-baden.de\/v2\/wallbach-kurzchronik\/","title":{"rendered":"Wallbach &#8211; Kurzchronik"},"content":{"rendered":"\n<p>Die erste urkundliche Erw\u00e4hnung datiert auf den 29. Mai 1283. An diesem Tag vollzog die \u00c4btissin Agnes des Olsberger Frauenklosters den Tausch ihrer bisherigen G\u00fcter zu \u201eWalabuk\u201c gegen andere Besitzungen in \u201eOgest\u201c (heute Augst) mit dem in S\u00e4ckingen wohnenden Jacobus de Rinvelden. Der Name Wallbach, der sich seit der ersten Erw\u00e4hnung von Walabuk \u00fcber Walibach, Waldspach bin hin zum heutigen Wallbach, seit ca. 1600 in Gebrauch ist, deutet auf einen keltischen Ursprung hin.<\/p>\n\n\n\n<p>Wallbach profitierte Aufbl\u00fchen der St\u00e4dte im 15. und 16. Jahrhundert, denn der Rhein als wichtige Verkehrsader brachte f\u00fcr viele Wallbacher Rheingenossen als Fl\u00f6\u00dfer und Fischer Verdienst und Wohlstand. In der zweiten H\u00e4lfte des 18. Jahrhunderts, unter der Kaiserin Maria Theresia, z\u00e4hlte man im Dorf 28 H\u00e4user mit 172 Seelen. Die Kaiserin und ihr Sohn Josef II f\u00fchrten ein vorbildliches Schulwesen mit der Schulpflicht ein.<\/p>\n\n\n\n<p>Der Rhein wurde 1802 Staatsgrenze und trennte damit auch beider Wallbach, das rechtsrheinische fiel nach 500 Jahren Habsburg-\u00d6sterreich an das Gro\u00dfherzogtum Baden, unsere Schwestergemeinde geh\u00f6rte kurz zum Kanton Fricktal der Eidgenossenschaft Schweiz, der dann aber bereits nach einem Jahr in den Kanton Aargau \u00fcberging.<\/p>\n\n\n\n<p>Mit dem Bau der rechtsrheinischen Durchgangsstra\u00dfe wurde Wallbach ab 1812 zum Stra\u00dfendorf. Mitte des 19. Jahrhunderts hatte Wallbach 414 Einwohner, darunter 57 Fl\u00f6\u00dfer und Fischer, Kirche und zwei Wirtsh\u00e4usern. 1856 wurde die Zugstrecke Basel-Waldshut, 30 Jahre sp\u00e4ter die 1970 stillgelegte Wehratalbahn gebaut. Beide Bahnlinien durchfuhren Wallbach, aber ohne Haltepunkt, was sich ab 2027 endlich \u00e4ndert.<br>Das 20. Jahrhundert brachte f\u00fcr Wallbach die Neuzeit. Mit dem Bau des Rheinkraftwerkes Rheinfelden kam 1908 die Elektrizit\u00e4t ins Dorf; ein Jahr sp\u00e4ter erhielt das Dorf eine zentrale Trinkwasserversorgung.<\/p>\n\n\n\n<p>Nach dem zweiten Weltkrieg siedelten sich in den 50ziger Jahren mehrer Industrie- und Gewerbegebiete an, es gab das erste Neubaugebiet. 1972 registrierte Wallbach 804 Einwohner.<br>Im Rahmen der Gebietsreform gab Wallbach am 8. M\u00e4rz 1972 seine Selbst\u00e4ndigkeit auf und schloss sich der Stadt Bad S\u00e4ckingen an. Mit immerhin einer Millionen Mark als Aussteuerpaket, das Wallbach in diese kommunale Ehe einbrachte, konnte \u00fcber den Eingliederungs-vertrag die Fl\u00f6\u00dferhalle, der Kindergarten und eine Sportanlage gebaut sowie weitere Baugebiete erschlossen.<\/p>\n\n\n\n<p>Am 3. Dezember 1982 erfolgte der wichtigste Schritt, die Einweihung der Ortsumgehungsstra\u00dfe B34 neu. Damals ging der Verkehr von 16.000 auf rund 1000 Fahrzeuge t\u00e4glich zur\u00fcck. In den folgenden Jahren wieder verdreifacht, bietet Wallbach mit einer fl\u00e4chendecken-den Tempobeschr\u00e4nkung auf 30 km\/h Wohnqualit\u00e4t und endlich Sicherheit f\u00fcr unsere Fu\u00dfg\u00e4nger, Schulkinder und Radfahrer.<\/p>\n\n\n\n<p>Heute hat sich Wallbach mit seiner Einwohnerzahl von knapp 1600 auf 1972 hin gerechnet fast verdoppelt. Wir haben eine gesunde Infrastruktur, mit Kirche, Kindergarten, Grundschule, B\u00e4cker und neben einer chinesischen Gastst\u00e4tte die Beiz im M\u00fcllmuseum, auf das wir durch die Eigeninitiative der Familie Thomann besonders stolz sein k\u00f6nnen.<br>Wir bieten in unserem Gewerbe- und Industriegebiet rund 500 Arbeitspl\u00e4tze. In 12 Vereine mit unterschiedlichsten Angeboten vom Kleinkind bis Senioren plus Feuerwehr, f\u00fchlen sich \u00fcber 1600 Mitglieder, wohl, viele in unterschiedlichen Vereinen.<br>Unser Dorffest, nicht nur das erste am Hochrhein, sondern auch jetzt mit \u00fcber 50 Jahren das, was am l\u00e4ngsten \u00fcberlebt hat, ist das zentrale gemeinsame Fest im Dorf, das seit 2011 durch einen Naturparkmarkt aufgewertet werden konnte.<\/p>\n\n\n\n<p>Wallbach liegt geografisch nicht nur im Herzen Europas, sondern es ist das sch\u00f6nste Dorf am Hochrhein. Bereits 1992 wurde Wallbach im Wettbewerb \u201eUnser Dorf soll sch\u00f6ner werden\u201c die Goldmedaille auf Landesebene zuerkannt. Die Wallbacher geben sich aber auch heute noch nicht mit der Auszeichnung zufrieden und versuchen der Zeit angepasst nach wie vor, ihren Ort noch attraktiver zu gestalten. Ich kann nur daf\u00fcr werben: Ziehen Sie nach Wallbach, besuchen Sie eine unserer zahlreichen Veranstaltungen, Sie werden sich in unserem lebens- und liebenswerten Wallbach wohlf\u00fchlen.<br><br><strong>Text: <\/strong>OV Fred Thelen ( 2025 )<\/p>\n","protected":false},"excerpt":{"rendered":"<p>Die erste urkundliche Erw\u00e4hnung datiert auf den 29. Mai 1283. An diesem Tag vollzog die \u00c4btissin Agnes des Olsberger Frauenklosters den Tausch ihrer bisherigen G\u00fcter zu \u201eWalabuk\u201c gegen andere Besitzungen in \u201eOgest\u201c (heute Augst) mit dem in S\u00e4ckingen wohnenden Jacobus de Rinvelden. Der Name Wallbach, der sich seit der ersten<\/p>\n","protected":false},"author":1,"featured_media":0,"parent":0,"menu_order":0,"comment_status":"closed","ping_status":"closed","template":"","meta":{"footnotes":""},"class_list":["post-515","page","type-page","status-publish","hentry"],"_links":{"self":[{"href":"https:\/\/wallbach-baden.de\/v2\/wp-json\/wp\/v2\/pages\/515","targetHints":{"allow":["GET"]}}],"collection":[{"href":"https:\/\/wallbach-baden.de\/v2\/wp-json\/wp\/v2\/pages"}],"about":[{"href":"https:\/\/wallbach-baden.de\/v2\/wp-json\/wp\/v2\/types\/page"}],"author":[{"embeddable":true,"href":"https:\/\/wallbach-baden.de\/v2\/wp-json\/wp\/v2\/users\/1"}],"replies":[{"embeddable":true,"href":"https:\/\/wallbach-baden.de\/v2\/wp-json\/wp\/v2\/comments?post=515"}],"version-history":[{"count":1,"href":"https:\/\/wallbach-baden.de\/v2\/wp-json\/wp\/v2\/pages\/515\/revisions"}],"predecessor-version":[{"id":516,"href":"https:\/\/wallbach-baden.de\/v2\/wp-json\/wp\/v2\/pages\/515\/revisions\/516"}],"wp:attachment":[{"href":"https:\/\/wallbach-baden.de\/v2\/wp-json\/wp\/v2\/media?parent=515"}],"curies":[{"name":"wp","href":"https:\/\/api.w.org\/{rel}","templated":true}]}}