{"id":351,"date":"2014-01-01T00:01:00","date_gmt":"2013-12-31T23:01:00","guid":{"rendered":"https:\/\/wallbach-baden.de\/v2\/?page_id=351"},"modified":"2026-01-08T10:50:54","modified_gmt":"2026-01-08T09:50:54","slug":"willkommen-in-wallbach-baden","status":"publish","type":"page","link":"https:\/\/wallbach-baden.de\/v2\/","title":{"rendered":"Willkommen in Wallbach \/ Baden"},"content":{"rendered":"\n<p class=\"has-text-align-center\">+++++++++++++++++++++++++++++++++++++++++++++++++++++++++++++<\/p>\n\n\n\n<p style=\"line-height:1.3\">Liebe Besucherinnen und Besucher,<br><br>herzlich Willkommen auf der Internetseite des Fischer- und Fl\u00f6\u00dferdorfes Wallbach, dem am Rhein gelegenen Kleinod, eines der drei Stadtteile von Bad S\u00e4ckingen.&nbsp;<\/p>\n\n\n\n<p style=\"line-height:1.3\">Wir bieten Ihnen, mit unserer von privat gef\u00fchrten Homepage, einen \u00dcberblick \u00fcber unser vielseitiges Dorf mit der Ortsverwaltung und dem Ortschaftsrat, unserer Vereine und der Feuerwehr sowie aktuellen Begebenheiten<\/p>\n\n\n\n<p style=\"line-height:1.3\">Wir laden Sie ein, uns kennen zu lernen, als Gast, neuen Mitb\u00fcrger, Investor und Unternehmer.&nbsp;<\/p>\n\n\n\n<p style=\"line-height:1.3\">Was wir als Dienstleistung einer lebendigen Verwaltung zu bieten haben, erfahren Sie von der Mitarbeiterin der Ortsverwaltung. Die dar\u00fcber hinausgehenden Dienstleistungen, wobei die Antragstellung vielfach in Wallbach erledigt werden kann, werden gerne und kompetent auf dem Rathaus Bad S\u00e4ckingen erledigt.&nbsp;<\/p>\n\n\n\n<p style=\"line-height:1.3\">Entdecken Sie einen lebendigen Stadtteil, wir freuen uns auf die Begegnung mit Ihnen.<br><br>Fred Thelen<br>Ortsvorsteher&nbsp;<\/p>\n\n\n\n<p class=\"has-text-align-center\">+++++++++++++++++++++++++++++++++++++++++++++++++++++++++++++<\/p>\n\n\n\n<p><strong>Wallbach &#8211; Kurzchronik<\/strong><br>Die erste urkundliche Erw\u00e4hnung datiert auf den 29. Mai 1283. An diesem Tag vollzog die \u00c4btissin Agnes des Olsberger Frauenklosters den Tausch ihrer bisherigen G\u00fcter zu \u201eWalabuk\u201c gegen andere Besitzungen in \u201eOgest\u201c (heute Augst) mit dem in S\u00e4ckingen wohnenden Jacobus de Rinvelden. Der Name Wallbach, der sich seit der ersten Erw\u00e4hnung von Walabuk \u00fcber Walibach, Waldspach bin hin zum heutigen Wallbach, seit ca. 1600 in Gebrauch ist, deutet auf einen keltischen Ursprung hin.    &#8230;&#8230;<br><br>&gt;&gt;&gt; <a href=\"https:\/\/wallbach-baden.de\/v2\/wallbach-kurzchronik\/\" data-type=\"page\" data-id=\"515\"><strong>Weiterlesen<\/strong> <\/a>&lt;&lt;&lt;<\/p>\n","protected":false},"excerpt":{"rendered":"<p>+++++++++++++++++++++++++++++++++++++++++++++++++++++++++++++ Liebe Besucherinnen und Besucher, herzlich Willkommen auf der Internetseite des Fischer- und Fl\u00f6\u00dferdorfes Wallbach, dem am Rhein gelegenen Kleinod, eines der drei Stadtteile von Bad S\u00e4ckingen.&nbsp; Wir bieten Ihnen, mit unserer von privat gef\u00fchrten Homepage, einen \u00dcberblick \u00fcber unser vielseitiges Dorf mit der Ortsverwaltung und dem Ortschaftsrat, unserer Vereine<\/p>\n","protected":false},"author":1,"featured_media":308,"parent":0,"menu_order":0,"comment_status":"closed","ping_status":"closed","template":"","meta":{"footnotes":""},"class_list":["post-351","page","type-page","status-publish","has-post-thumbnail","hentry"],"_links":{"self":[{"href":"https:\/\/wallbach-baden.de\/v2\/wp-json\/wp\/v2\/pages\/351","targetHints":{"allow":["GET"]}}],"collection":[{"href":"https:\/\/wallbach-baden.de\/v2\/wp-json\/wp\/v2\/pages"}],"about":[{"href":"https:\/\/wallbach-baden.de\/v2\/wp-json\/wp\/v2\/types\/page"}],"author":[{"embeddable":true,"href":"https:\/\/wallbach-baden.de\/v2\/wp-json\/wp\/v2\/users\/1"}],"replies":[{"embeddable":true,"href":"https:\/\/wallbach-baden.de\/v2\/wp-json\/wp\/v2\/comments?post=351"}],"version-history":[{"count":58,"href":"https:\/\/wallbach-baden.de\/v2\/wp-json\/wp\/v2\/pages\/351\/revisions"}],"predecessor-version":[{"id":696,"href":"https:\/\/wallbach-baden.de\/v2\/wp-json\/wp\/v2\/pages\/351\/revisions\/696"}],"wp:featuredmedia":[{"embeddable":true,"href":"https:\/\/wallbach-baden.de\/v2\/wp-json\/wp\/v2\/media\/308"}],"wp:attachment":[{"href":"https:\/\/wallbach-baden.de\/v2\/wp-json\/wp\/v2\/media?parent=351"}],"curies":[{"name":"wp","href":"https:\/\/api.w.org\/{rel}","templated":true}]}}