{"id":296,"date":"2025-01-21T09:37:34","date_gmt":"2025-01-21T08:37:34","guid":{"rendered":"https:\/\/wallbach-baden.de\/v2\/?page_id=296"},"modified":"2025-01-21T09:37:34","modified_gmt":"2025-01-21T08:37:34","slug":"wallbachs-in-deutschland","status":"publish","type":"page","link":"https:\/\/wallbach-baden.de\/v2\/wallbachs-in-deutschland\/","title":{"rendered":"Wallbach`s in Deutschland"},"content":{"rendered":"\n<figure class=\"wp-block-table is-style-stripes\"><table class=\"has-fixed-layout\"><tbody><tr><td><strong>Wallbach ( Taunus )<\/strong><br><br>Webseite: \u00a0<a href=\"http:\/\/de.wikipedia.org\/wiki\/Wallbach_(Taunus)\" target=\"_blank\" rel=\"noreferrer noopener\">Wallbach im Taunus<\/a><\/td><td><strong>Wallbach ( Th\u00fcringen )<\/strong><br><br>Webseite: \u00a0<a href=\"http:\/\/www.wallbach-thueringen.de\/\" target=\"_blank\" rel=\"noreferrer noopener\">Wallbach Th\u00fcringen<\/a><a href=\"http:\/\/www.1001-stadtplan.de\/cms\/te-map-karte.html?mapid=159\" target=\"_blank\" rel=\"noreferrer noopener\">\u00a0<\/a><a href=\"http:\/\/www.trompeter-schiff.de\/\" target=\"_blank\" rel=\"noreferrer noopener\">\u00a0<\/a><\/td><\/tr><tr><td><strong>Wallbach ( Odenwald )<\/strong><br><br>Webseite: \u00a0<a href=\"http:\/\/de.wikipedia.org\/wiki\/Wallbach_(Odenwald)\" target=\"_blank\" rel=\"noreferrer noopener\">Wallbach im Odenwald<\/a><\/td><td><br><strong>Hartha-Wallbach<\/strong><br><br>Wallbach ein Ortsteil der Stadt\u00a0<a href=\"http:\/\/de.wikipedia.org\/wiki\/Hartha\" target=\"_blank\" rel=\"noreferrer noopener\">Hartha<\/a>\u00a0im Landkreis Mittelsachsen, Sachsen.<br><\/td><\/tr><tr><td><\/td><td><strong>Wallbach ist der Name folgender Flie\u00dfgew\u00e4sser:<\/strong><br><br>Wallbach (Werra), ein rechter Nebenfluss der Werra n\u00f6rdlich von Meiningen<br><br>Wallbach (Wied), ein rechter Nebenfluss der Wied bei Ro\u00dfbach (Wied)<br><br>Wallbach ein kleiner Bach im Landkreis Rostock, Mecklenburg-Vorpommern<\/td><\/tr><\/tbody><\/table><\/figure>\n","protected":false},"excerpt":{"rendered":"<p>Wallbach ( Taunus ) Webseite: \u00a0Wallbach im Taunus Wallbach ( Th\u00fcringen ) Webseite: \u00a0Wallbach Th\u00fcringen\u00a0\u00a0 Wallbach ( Odenwald ) Webseite: \u00a0Wallbach im Odenwald Hartha-Wallbach Wallbach ein Ortsteil der Stadt\u00a0Hartha\u00a0im Landkreis Mittelsachsen, Sachsen. Wallbach ist der Name folgender Flie\u00dfgew\u00e4sser: Wallbach (Werra), ein rechter Nebenfluss der Werra n\u00f6rdlich von Meiningen Wallbach (Wied),<\/p>\n","protected":false},"author":1,"featured_media":0,"parent":0,"menu_order":0,"comment_status":"closed","ping_status":"closed","template":"","meta":{"footnotes":""},"class_list":["post-296","page","type-page","status-publish","hentry"],"_links":{"self":[{"href":"https:\/\/wallbach-baden.de\/v2\/wp-json\/wp\/v2\/pages\/296","targetHints":{"allow":["GET"]}}],"collection":[{"href":"https:\/\/wallbach-baden.de\/v2\/wp-json\/wp\/v2\/pages"}],"about":[{"href":"https:\/\/wallbach-baden.de\/v2\/wp-json\/wp\/v2\/types\/page"}],"author":[{"embeddable":true,"href":"https:\/\/wallbach-baden.de\/v2\/wp-json\/wp\/v2\/users\/1"}],"replies":[{"embeddable":true,"href":"https:\/\/wallbach-baden.de\/v2\/wp-json\/wp\/v2\/comments?post=296"}],"version-history":[{"count":1,"href":"https:\/\/wallbach-baden.de\/v2\/wp-json\/wp\/v2\/pages\/296\/revisions"}],"predecessor-version":[{"id":297,"href":"https:\/\/wallbach-baden.de\/v2\/wp-json\/wp\/v2\/pages\/296\/revisions\/297"}],"wp:attachment":[{"href":"https:\/\/wallbach-baden.de\/v2\/wp-json\/wp\/v2\/media?parent=296"}],"curies":[{"name":"wp","href":"https:\/\/api.w.org\/{rel}","templated":true}]}}