{"id":121,"date":"2025-01-20T11:59:53","date_gmt":"2025-01-20T10:59:53","guid":{"rendered":"https:\/\/wallbach-baden.de\/v2\/?page_id=121"},"modified":"2025-01-23T14:25:05","modified_gmt":"2025-01-23T13:25:05","slug":"freiwillige-feuerwehr","status":"publish","type":"page","link":"https:\/\/wallbach-baden.de\/v2\/vereine\/freiwillige-feuerwehr\/","title":{"rendered":"Freiwillige Feuerwehr"},"content":{"rendered":"\n<p><strong>Kommandant:<\/strong><br>Nils J\u00e4ger<br>Widhagstr. 28<br>79713 Bad S\u00e4ckingen-Wallbach<\/p>\n\n\n\n<p><strong>Ger\u00e4tehaus Wallbach<\/strong><br>Rheinstra\u00dfe 7<br>Tel. 07761-59072<\/p>\n\n\n\n<p>Email: <a href=\"mailto:kommando.wallbach@fwbs.de\">kommando.wallbach [at] fwbs.de<\/a><br>Website:&nbsp;<a href=\"https:\/\/www.fwbs.de\/index.php\" target=\"_blank\" rel=\"noreferrer noopener\">www.fwbs.de<\/a><a href=\"http:\/\/www.rsv-wallbach.de\/\" target=\"_blank\" rel=\"noreferrer noopener\">&nbsp;<\/a><\/p>\n","protected":false},"excerpt":{"rendered":"<p>Kommandant:Nils J\u00e4gerWidhagstr. 2879713 Bad S\u00e4ckingen-Wallbach Ger\u00e4tehaus WallbachRheinstra\u00dfe 7Tel. 07761-59072 Email: kommando.wallbach [at] fwbs.deWebsite:&nbsp;www.fwbs.de&nbsp;<\/p>\n","protected":false},"author":1,"featured_media":122,"parent":52,"menu_order":0,"comment_status":"closed","ping_status":"closed","template":"","meta":{"footnotes":""},"class_list":["post-121","page","type-page","status-publish","has-post-thumbnail","hentry"],"_links":{"self":[{"href":"https:\/\/wallbach-baden.de\/v2\/wp-json\/wp\/v2\/pages\/121","targetHints":{"allow":["GET"]}}],"collection":[{"href":"https:\/\/wallbach-baden.de\/v2\/wp-json\/wp\/v2\/pages"}],"about":[{"href":"https:\/\/wallbach-baden.de\/v2\/wp-json\/wp\/v2\/types\/page"}],"author":[{"embeddable":true,"href":"https:\/\/wallbach-baden.de\/v2\/wp-json\/wp\/v2\/users\/1"}],"replies":[{"embeddable":true,"href":"https:\/\/wallbach-baden.de\/v2\/wp-json\/wp\/v2\/comments?post=121"}],"version-history":[{"count":2,"href":"https:\/\/wallbach-baden.de\/v2\/wp-json\/wp\/v2\/pages\/121\/revisions"}],"predecessor-version":[{"id":411,"href":"https:\/\/wallbach-baden.de\/v2\/wp-json\/wp\/v2\/pages\/121\/revisions\/411"}],"up":[{"embeddable":true,"href":"https:\/\/wallbach-baden.de\/v2\/wp-json\/wp\/v2\/pages\/52"}],"wp:featuredmedia":[{"embeddable":true,"href":"https:\/\/wallbach-baden.de\/v2\/wp-json\/wp\/v2\/media\/122"}],"wp:attachment":[{"href":"https:\/\/wallbach-baden.de\/v2\/wp-json\/wp\/v2\/media?parent=121"}],"curies":[{"name":"wp","href":"https:\/\/api.w.org\/{rel}","templated":true}]}}